{"id":190,"date":"2016-09-18T10:13:37","date_gmt":"2016-09-18T10:13:37","guid":{"rendered":"http:\/\/werkstatt.fuelthemes.net\/werkstatt-collective\/?page_id=190"},"modified":"2025-02-24T14:29:54","modified_gmt":"2025-02-24T11:29:54","slug":"hakkimizda","status":"publish","type":"page","link":"https:\/\/www.artofnox.com\/tr\/hakkimizda\/","title":{"rendered":"Hakk\u0131m\u0131zda"},"content":{"rendered":"<section class=\"wpb-content-wrapper\">[vc_row thb_divider_position=&#8221;bottom&#8221; el_class=&#8221;align-center&#8221; css=&#8221;.vc_custom_1474306346779{padding-top: 120px !important;padding-bottom: 30px !important;}&#8221;][vc_column offset=&#8221;vc_col-lg-7 vc_col-md-9&#8243;]\t<div id=\"thb-fadetype-82\" class=\"thb-fadetype  thb-fadetype-style1\">\n\t\t\t\t\t\t<h1 style=\"text-align: left;\"><div class=\"thb-fadetype-entry\">Hakk\u0131m\u0131zda<\/div><\/h1>\t\t<\/div>\n\t[vc_column_text][\/vc_column_text][vc_column_text]\n<h3 style=\"text-align: left;\">NOX, Web Tasar\u0131m\u0131, Marka Y\u00f6netimi ve G\u00f6rsel \u0130leti\u015fim alan\u0131nda uzmanla\u015fm\u0131\u015f yarat\u0131c\u0131 bir ajanst\u0131r.<\/h3>\n<p style=\"text-align: left;\">2017 y\u0131l\u0131nda kurulan NOX, bug\u00fcne kadar say\u0131s\u0131z projeye imza atarak markalar ve i\u015fletmeler i\u00e7in g\u00fcvenilir bir i\u015f orta\u011f\u0131 haline gelmi\u015ftir. Yenilik\u00e7i stratejileri yarat\u0131c\u0131 enerjimizle birle\u015ftirerek esnek \u00e7\u00f6z\u00fcmler sunuyor ve ba\u015far\u0131y\u0131 birlikte in\u015fa ediyoruz.<\/p>\n<p style=\"text-align: left;\">D\u00fcnya genelinde markalar ve yeni giri\u015fimlerle i\u015f birli\u011fi yaparak, onlar\u0131n hedeflerine ula\u015fmalar\u0131na destek oluyoruz. G\u00fc\u00e7l\u00fc ve \u00f6zg\u00fcn g\u00f6rsel tasar\u0131mlar ile unutulmaz marka deneyimleri olu\u015fturuyor, i\u015f ortaklar\u0131m\u0131z\u0131n uzun vadeli ba\u015far\u0131s\u0131n\u0131 sa\u011fl\u0131yoruz.<\/p>\n[\/vc_column_text][\/vc_column][vc_column][vc_column_text][\/vc_column_text][\/vc_column][vc_column][\/vc_column][vc_column][\/vc_column][\/vc_row][vc_row thb_divider_position=&#8221;bottom&#8221;][vc_column][vc_column_text]\n<h2 style=\"text-align: left;\"><strong>Hizmetlerimiz<\/strong><\/h2>\n[\/vc_column_text][\/vc_column][\/vc_row][vc_row thb_divider_position=&#8221;bottom&#8221;][vc_column width=&#8221;1\/4&#8243;][vc_column_text]\n<h3>Markala\u015ft\u0131rma<\/h3>\n<p>Logo Tasar\u0131m\u0131<br \/>\nKurumsal Kimlik Tasar\u0131m\u0131<br \/>\nKurumsal Kimlik K\u0131lavuzu Tasar\u0131m\u0131<br \/>\nBask\u0131 Tasar\u0131mlar\u0131<br \/>\nAmbalaj Tasar\u0131m\u0131[\/vc_column_text][\/vc_column][vc_column width=&#8221;1\/4&#8243;][vc_column_text]\n<h3>G\u00f6rselle\u015ftirme<\/h3>\n<p>3D Modelleme<br \/>\nHareketli Grafik<br \/>\nLogo Animasyonu<br \/>\nFoto\u011fraf\u00e7\u0131l\u0131k<br \/>\nSosyal Medya K\u0131lavuzu[\/vc_column_text][\/vc_column][vc_column width=&#8221;1\/4&#8243;][vc_column_text]\n<h3>Dijital<\/h3>\n<p>Sosyal Medya Dan\u0131\u015fmanl\u0131\u011f\u0131<br \/>\nWeb Sitesi Tasar\u0131m\u0131<br \/>\nWeb Sitesi Geli\u015ftirme<br \/>\nE-Ticaret Dan\u0131\u015fmanl\u0131\u011f\u0131<br \/>\nSeo[\/vc_column_text][\/vc_column][vc_column width=&#8221;1\/4&#8243;][vc_column_text]\n<h3>Matbaa &amp; Promosyon<\/h3>\n<p>Katalog<br \/>\nMatbu Evraklar<br \/>\nDijital Bask\u0131l\u0131 \u00dcr\u00fcnler<br \/>\nPromosyon[\/vc_column_text][\/vc_column][\/vc_row][vc_row thb_divider_position=&#8221;bottom&#8221;][vc_column][vc_column_text][\/vc_column_text][\/vc_column][\/vc_row]\n<\/section>","protected":false},"excerpt":{"rendered":"<p>[vc_row thb_divider_position=&#8221;bottom&#8221; el_class=&#8221;align-center&#8221; css=&#8221;.vc_custom_1474306346779{padding-top: 120px !important;padding-bottom: 30px !important;}&#8221;][vc_column offset=&#8221;vc_col-lg-7 vc_col-md-9&#8243;][vc_column_text][\/vc_column_text][vc_column_text] NOX, Web Tasar\u0131m\u0131, Marka Y\u00f6netimi ve G\u00f6rsel \u0130leti\u015fim alan\u0131nda uzmanla\u015fm\u0131\u015f yarat\u0131c\u0131 bir ajanst\u0131r. 2017 y\u0131l\u0131nda kurulan NOX, bug\u00fcne kadar say\u0131s\u0131z projeye imza atarak markalar ve i\u015fletmeler i\u00e7in g\u00fcvenilir bir i\u015f orta\u011f\u0131 haline gelmi\u015ftir. Yenilik\u00e7i stratejileri yarat\u0131c\u0131 enerjimizle birle\u015ftirerek esnek \u00e7\u00f6z\u00fcmler sunuyor ve ba\u015far\u0131y\u0131 birlikte in\u015fa&hellip;<\/p>\n","protected":false},"author":1,"featured_media":0,"parent":0,"menu_order":0,"comment_status":"closed","ping_status":"closed","template":"","meta":{"footnotes":""},"class_list":["post-190","page","type-page","status-publish","hentry"],"_links":{"self":[{"href":"https:\/\/www.artofnox.com\/tr\/wp-json\/wp\/v2\/pages\/190","targetHints":{"allow":["GET"]}}],"collection":[{"href":"https:\/\/www.artofnox.com\/tr\/wp-json\/wp\/v2\/pages"}],"about":[{"href":"https:\/\/www.artofnox.com\/tr\/wp-json\/wp\/v2\/types\/page"}],"author":[{"embeddable":true,"href":"https:\/\/www.artofnox.com\/tr\/wp-json\/wp\/v2\/users\/1"}],"replies":[{"embeddable":true,"href":"https:\/\/www.artofnox.com\/tr\/wp-json\/wp\/v2\/comments?post=190"}],"version-history":[{"count":29,"href":"https:\/\/www.artofnox.com\/tr\/wp-json\/wp\/v2\/pages\/190\/revisions"}],"predecessor-version":[{"id":842,"href":"https:\/\/www.artofnox.com\/tr\/wp-json\/wp\/v2\/pages\/190\/revisions\/842"}],"wp:attachment":[{"href":"https:\/\/www.artofnox.com\/tr\/wp-json\/wp\/v2\/media?parent=190"}],"curies":[{"name":"wp","href":"https:\/\/api.w.org\/{rel}","templated":true}]}}